{"id":848,"date":"2022-04-19T19:25:28","date_gmt":"2022-04-19T17:25:28","guid":{"rendered":"https:\/\/biomechanics2023.pwr.edu.pl\/?page_id=848"},"modified":"2022-12-12T11:20:47","modified_gmt":"2022-12-12T10:20:47","slug":"organising-committee","status":"publish","type":"page","link":"https:\/\/biomechanics2023.pwr.edu.pl\/?page_id=848","title":{"rendered":"Organising committee"},"content":{"rendered":"\n<div class=\"wp-block-columns has-text-align-left is-layout-flex wp-container-core-columns-is-layout-28f84493 wp-block-columns-is-layout-flex\">\n<div class=\"wp-block-column is-layout-flow wp-block-column-is-layout-flow\">\n<p><strong><mark style=\"background-color:rgba(0, 0, 0, 0);color:#b42e24\" class=\"has-inline-color\">Anna Nikodem<\/mark><\/strong> &#8211;<strong> <\/strong>Chairman<\/p>\n\n\n\n<p class=\"tw-text-wide\"><strong><mark style=\"background-color:rgba(0, 0, 0, 0);color:#b42e24\" class=\"has-inline-color\">Ma\u0142gorzata \u017bak<\/mark><\/strong> &#8211; Co-Chairman<\/p>\n\n\n\n<p>Marta Kozu\u0144<\/p>\n\n\n\n<p>Sylwia Szotek<\/p>\n\n\n\n<p>Ewelina \u015awi\u0105tek-Najwer<\/p>\n\n\n\n<p>Magdalena \u017buk<\/p>\n\n\n\n<p>Jakub S\u0142owi\u0144ski<\/p>\n<\/div>\n\n\n\n<div class=\"wp-block-column is-layout-flow wp-block-column-is-layout-flow\">\n<p>Justyna Wolicka<\/p>\n\n\n\n<p>Karolina Jasiurkowska<\/p>\n\n\n\n<p>Klaudia Szkoda-Poliszuk<\/p>\n\n\n\n<p>Bartosz Martyniuk<\/p>\n\n\n\n<p>Karol Marcula<\/p>\n\n\n\n<p>Urszula Czajkowska<\/p>\n<\/div>\n<\/div>\n","protected":false},"excerpt":{"rendered":"<p>Anna Nikodem &#8211; Chairman Ma\u0142gorzata \u017bak &#8211; Co-Chairman Marta Kozu\u0144 Sylwia Szotek Ewelina \u015awi\u0105tek-Najwer Magdalena \u017buk Jakub S\u0142owi\u0144ski Justyna Wolicka Karolina Jasiurkowska Klaudia Szkoda-Poliszuk Bartosz Martyniuk Karol Marcula Urszula Czajkowska<\/p>\n","protected":false},"author":3,"featured_media":0,"parent":0,"menu_order":0,"comment_status":"closed","ping_status":"closed","template":"","meta":{"om_disable_all_campaigns":false,"_mi_skip_tracking":false,"_monsterinsights_sitenote_active":false,"_monsterinsights_sitenote_note":"","_monsterinsights_sitenote_category":0,"footnotes":""},"class_list":["post-848","page","type-page","status-publish","hentry","entry"],"aioseo_notices":[],"_links":{"self":[{"href":"https:\/\/biomechanics2023.pwr.edu.pl\/index.php?rest_route=\/wp\/v2\/pages\/848","targetHints":{"allow":["GET"]}}],"collection":[{"href":"https:\/\/biomechanics2023.pwr.edu.pl\/index.php?rest_route=\/wp\/v2\/pages"}],"about":[{"href":"https:\/\/biomechanics2023.pwr.edu.pl\/index.php?rest_route=\/wp\/v2\/types\/page"}],"author":[{"embeddable":true,"href":"https:\/\/biomechanics2023.pwr.edu.pl\/index.php?rest_route=\/wp\/v2\/users\/3"}],"replies":[{"embeddable":true,"href":"https:\/\/biomechanics2023.pwr.edu.pl\/index.php?rest_route=%2Fwp%2Fv2%2Fcomments&post=848"}],"version-history":[{"count":6,"href":"https:\/\/biomechanics2023.pwr.edu.pl\/index.php?rest_route=\/wp\/v2\/pages\/848\/revisions"}],"predecessor-version":[{"id":1300,"href":"https:\/\/biomechanics2023.pwr.edu.pl\/index.php?rest_route=\/wp\/v2\/pages\/848\/revisions\/1300"}],"wp:attachment":[{"href":"https:\/\/biomechanics2023.pwr.edu.pl\/index.php?rest_route=%2Fwp%2Fv2%2Fmedia&parent=848"}],"curies":[{"name":"wp","href":"https:\/\/api.w.org\/{rel}","templated":true}]}}