{"id":847,"date":"2022-04-19T19:22:25","date_gmt":"2022-04-19T17:22:25","guid":{"rendered":"https:\/\/biomechanics2023.pwr.edu.pl\/?page_id=847"},"modified":"2023-03-22T09:41:49","modified_gmt":"2023-03-22T08:41:49","slug":"scientific-committee","status":"publish","type":"page","link":"https:\/\/biomechanics2023.pwr.edu.pl\/?page_id=847","title":{"rendered":"Scientific committee"},"content":{"rendered":"\n<p><br><strong><mark style=\"background-color:rgba(0, 0, 0, 0);color:#b42e24\" class=\"has-inline-color\">Celina Pezowicz, Poland<\/mark> <\/strong><em>\u2013 Chairperson of the Scientific Committee <\/em><\/p>\n\n\n\n<p><strong><mark style=\"background-color:rgba(0, 0, 0, 0);color:#b42e24\" class=\"has-inline-color\">Jaros\u0142aw Filipiak, Poland<\/mark><\/strong><em> \u2013 Co-Chairperson of the Scientific Committee <\/em><\/p>\n\n\n\n<p><strong><mark style=\"background-color:rgba(0, 0, 0, 0);color:#b42e24\" class=\"has-inline-color\">Ma\u0142gorzata Syczewska, Poland<\/mark><\/strong><em> \u2013 The President of the Polish Society of Biomechanics<\/em><\/p>\n\n\n\n<div class=\"wp-block-columns is-layout-flex wp-container-core-columns-is-layout-28f84493 wp-block-columns-is-layout-flex\">\n<div class=\"wp-block-column is-layout-flow wp-block-column-is-layout-flow\">\n<p><em>Taiji ADACHI, Japan<\/em><\/p>\n\n\n\n<p><em>Katarzyna ARKUSZ, Poland<\/em><\/p>\n\n\n\n<p><em>Wojciech BLAJER, Poland<\/em><\/p>\n\n\n\n<p><em>Michalina B\u0141A\u017bKIEWICZ, Poland<\/em><\/p>\n\n\n\n<p><em>Tadeusz BURCZY\u0143SKI, Poland<\/em><\/p>\n\n\n\n<p><em>Krzysztof BU\u015aKO, Poland<\/em><\/p>\n\n\n\n<p><em>Luca CRISTOFOLINI, Italy<\/em><\/p>\n\n\n\n<p><em>Adam CZAPLICKI, Poland<\/em><\/p>\n\n\n\n<p><em>Manuel DOBLAR\u00c9, Spain<\/em><\/p>\n\n\n\n<p><em>Thomas DREHER, Switzerland<\/em><\/p>\n\n\n\n<p><em>Jan GAJEWSKI, Poland<\/em><\/p>\n\n\n\n<p><em>Joanna GORWA, Poland<\/em><\/p>\n\n\n\n<p><em>Marek GZIK, <\/em>Poland<\/p>\n\n\n\n<p><em>Christian HELLMICH, Austria<\/em><\/p>\n\n\n\n<p><em>Daoud Robert ISKANDER, Poland<\/em><\/p>\n\n\n\n<p><em>Sona JANDOVA, Czech Republic<\/em><\/p>\n\n\n\n<p><em>Antoni JOHN, Poland<\/em><\/p>\n\n\n\n<p><em>Ilse JONKERS, Belgium<\/em><\/p>\n\n\n\n<p><em>Grzegorz JURAS, Poland<\/em><\/p>\n\n\n\n<p><em>Jacek JURKOJ\u0106, Poland<\/em><\/p>\n\n\n\n<p><em>Micha\u0142 KUCZY\u0143SKI, Poland<\/em><\/p>\n\n\n\n<p><em>Izabela LUBOWIECKA, Poland<\/em><\/p>\n\n\n\n<p><em>Tomasz \u0141ODYGOWSKI, Poland<\/em><\/p>\n\n\n\n<p><em>Ewa MAJCHRZAK, Poland<\/em><\/p>\n\n\n\n<p><em>Jerzy MA\u0141ACHOWSKI, Poland<\/em><\/p>\n\n\n\n<p><em>Andrzej MASTALERZ, Poland<\/em><\/p>\n\n\n\n<p><em>Daniel MATEJ, Czech Republic<\/em><\/p>\n\n\n\n<p><em>Adam MAZURKIEWICZ, Poland<\/em><\/p>\n<\/div>\n\n\n\n<div class=\"wp-block-column is-layout-flow wp-block-column-is-layout-flow\">\n<p><em>Grzegorz MILEWSKI, Poland<\/em><\/p>\n\n\n\n<p><em>Andrzej M\u0141YNIEC, Poland<\/em><\/p>\n\n\n\n<p><em>Karol MILLER, Australia<\/em><\/p>\n\n\n\n<p><em>Zbigniew NAWRAT, Poland<\/em><\/p>\n\n\n\n<p><em>Grace O&#8217;CONNELL, USA<\/em><\/p>\n\n\n\n<p><em>El\u017cbieta PAMU\u0141A, Poland<\/em><\/p>\n\n\n\n<p><em>Jolanta PAUK, Poland<\/em><\/p>\n\n\n\n<p><em>Marek PAWLIKOWSKI, Poland<\/em><\/p>\n\n\n\n<p><em>Szczepan PISZCZATOWSKI, Poland<\/em><\/p>\n\n\n\n<p><em>Maria \u00c1ngeles <em>P\u00c9REZ ANS\u00d3N<\/em>, Spain<\/em><\/p>\n\n\n\n<p><em>Gwendolen REILLY, United Kingdom<\/em><\/p>\n\n\n\n<p><em>Danuta ROMAN-LIU, Poland<\/em><\/p>\n\n\n\n<p><em>Alicja RUTKOWSKA-KUCHARSKA, Poland<\/em><\/p>\n\n\n\n<p><em>Eugeniusz SAJEWICZ, Poland<\/em><\/p>\n\n\n\n<p><em>Ma\u0142gorzata SOBERA, Poland<\/em><\/p>\n\n\n\n<p><em>Ma\u0142gorzata SYCZEWSKA, Poland<\/em><\/p>\n\n\n\n<p><em>Arkadiusz SZAREK, <\/em>Poland<\/p>\n\n\n\n<p><em>Wojciech \u015aWI\u0118SZKOWSKI, Poland<\/em><\/p>\n\n\n\n<p><em>Bert van RIETBERGEN, Netherlands<\/em><\/p>\n\n\n\n<p><em>Giuseppe <em>VANNOZZI<\/em>, Italy<\/em><\/p>\n\n\n\n<p><em>Wiktoria WOJNICZ, Poland<\/em><\/p>\n\n\n\n<p><em>Wojciech WOLA\u0143SKI, Poland<\/em><\/p>\n\n\n\n<p><em>Micha\u0142 WYCHOWA\u0143SKI, Poland<\/em><\/p>\n<\/div>\n<\/div>\n","protected":false},"excerpt":{"rendered":"<p>Celina Pezowicz, Poland \u2013 Chairperson of the Scientific Committee Jaros\u0142aw Filipiak, Poland \u2013 Co-Chairperson of the Scientific Committee Ma\u0142gorzata Syczewska, Poland \u2013 The President of the Polish Society of Biomechanics Taiji ADACHI, Japan Katarzyna ARKUSZ, Poland Wojciech BLAJER, Poland Michalina B\u0141A\u017bKIEWICZ, Poland Tadeusz BURCZY\u0143SKI, Poland Krzysztof BU\u015aKO, Poland Luca CRISTOFOLINI, Italy Adam CZAPLICKI, Poland Manuel&hellip; <a class=\"more-link\" href=\"https:\/\/biomechanics2023.pwr.edu.pl\/?page_id=847\">Czytaj dalej <span class=\"screen-reader-text\">Scientific committee<\/span><\/a><\/p>\n","protected":false},"author":3,"featured_media":0,"parent":0,"menu_order":0,"comment_status":"closed","ping_status":"closed","template":"","meta":{"om_disable_all_campaigns":false,"_mi_skip_tracking":false,"_monsterinsights_sitenote_active":false,"_monsterinsights_sitenote_note":"","_monsterinsights_sitenote_category":0,"footnotes":""},"class_list":["post-847","page","type-page","status-publish","hentry","entry"],"aioseo_notices":[],"_links":{"self":[{"href":"https:\/\/biomechanics2023.pwr.edu.pl\/index.php?rest_route=\/wp\/v2\/pages\/847","targetHints":{"allow":["GET"]}}],"collection":[{"href":"https:\/\/biomechanics2023.pwr.edu.pl\/index.php?rest_route=\/wp\/v2\/pages"}],"about":[{"href":"https:\/\/biomechanics2023.pwr.edu.pl\/index.php?rest_route=\/wp\/v2\/types\/page"}],"author":[{"embeddable":true,"href":"https:\/\/biomechanics2023.pwr.edu.pl\/index.php?rest_route=\/wp\/v2\/users\/3"}],"replies":[{"embeddable":true,"href":"https:\/\/biomechanics2023.pwr.edu.pl\/index.php?rest_route=%2Fwp%2Fv2%2Fcomments&post=847"}],"version-history":[{"count":28,"href":"https:\/\/biomechanics2023.pwr.edu.pl\/index.php?rest_route=\/wp\/v2\/pages\/847\/revisions"}],"predecessor-version":[{"id":1399,"href":"https:\/\/biomechanics2023.pwr.edu.pl\/index.php?rest_route=\/wp\/v2\/pages\/847\/revisions\/1399"}],"wp:attachment":[{"href":"https:\/\/biomechanics2023.pwr.edu.pl\/index.php?rest_route=%2Fwp%2Fv2%2Fmedia&parent=847"}],"curies":[{"name":"wp","href":"https:\/\/api.w.org\/{rel}","templated":true}]}}