{"id":40,"date":"2018-10-04T09:45:13","date_gmt":"2018-10-04T07:45:13","guid":{"rendered":"http:\/\/rarathemesdemo.com\/the-conference-pro\/?page_id=40"},"modified":"2022-12-13T21:44:15","modified_gmt":"2022-12-13T20:44:15","slug":"about-the-event","status":"publish","type":"page","link":"https:\/\/biomechanics2023.pwr.edu.pl\/?page_id=40","title":{"rendered":"About the event"},"content":{"rendered":"\n<p class=\"has-drop-cap has-text-align-left\">The International Conference BIOMECHANICS is the largest forum organized in Poland dedicated to the area of biomechanics. The conference has been held regularly since 1981. Initially, the meetings of the Polish Society of Biomechanics were organized every year and since 2004 they have been held every two years. The last meeting originally was planned in 2020 at Medical University of Warsaw. However,&nbsp;due to the pandemic, the conference has been postponed by a year and took place on 9-10 September 2021.<\/p>\n\n\n\n<h3 class=\"wp-block-heading\"><strong>In 2023, we have the pleasure of inviting you to The International Conference BIOMECHANICS (BIOMECHANICS 2023), which will take place in Wroc\u0142aw University of Science and Technology between <strong>13th to 16th September 2023<\/strong>.<\/strong><\/h3>\n\n\n<div class=\"wp-block-image is-style-tw-rounded-corners\">\n<figure class=\"aligncenter size-large is-resized\"><img loading=\"lazy\" decoding=\"async\" src=\"https:\/\/biomechanics2023.pwr.edu.pl\/wp-content\/uploads\/2022\/10\/congress_hall-1024x970.jpg\" alt=\"\" class=\"wp-image-1112\" width=\"512\" height=\"485\" srcset=\"https:\/\/biomechanics2023.pwr.edu.pl\/wp-content\/uploads\/2022\/10\/congress_hall-1024x970.jpg 1024w, https:\/\/biomechanics2023.pwr.edu.pl\/wp-content\/uploads\/2022\/10\/congress_hall-300x284.jpg 300w, https:\/\/biomechanics2023.pwr.edu.pl\/wp-content\/uploads\/2022\/10\/congress_hall-768x727.jpg 768w, https:\/\/biomechanics2023.pwr.edu.pl\/wp-content\/uploads\/2022\/10\/congress_hall.jpg 1416w\" sizes=\"auto, (max-width: 512px) 100vw, 512px\" \/><\/figure>\n<\/div>\n\n\n<h3 class=\"wp-block-heading\">Previous conference editions:<\/h3>\n\n\n\n<figure class=\"wp-block-table is-style-regular has-small-font-size\"><table class=\"has-fixed-layout\"><thead><tr><th class=\"has-text-align-center\" data-align=\"center\">Date<\/th><th class=\"has-text-align-center\" data-align=\"center\">Place<\/th><th class=\"has-text-align-center\" data-align=\"center\">Organised By<\/th><th class=\"has-text-align-center\" data-align=\"center\">Conference Name<\/th><th class=\"has-text-align-center\" data-align=\"center\">Chairmen Of The Organising Committee<\/th><\/tr><\/thead><tbody><tr><td class=\"has-text-align-center\" data-align=\"center\">9-10\/9\/2021<\/td><td class=\"has-text-align-center\" data-align=\"center\">Warszawa<\/td><td class=\"has-text-align-center\" data-align=\"center\">Medical University Of Warsaw<\/td><td class=\"has-text-align-center\" data-align=\"center\">International Conference Of The Polish Society Of Biomechanics \u201eBiomechanics 2020\u201d<\/td><td class=\"has-text-align-center\" data-align=\"center\">Dariusz Bia\u0142oszewski<\/td><\/tr><tr><td class=\"has-text-align-center\" data-align=\"center\">5-7\/9\/2018<\/td><td class=\"has-text-align-center\" data-align=\"center\">Zielona G\u00f3ra<\/td><td class=\"has-text-align-center\" data-align=\"center\">Department Of Mechanical Engineering, University Of Zielona G\u00f3ra<\/td><td class=\"has-text-align-center\" data-align=\"center\">International Conference Of The Polish Society Of Biomechanics \u201eBiomechanics 2018\u201d<\/td><td class=\"has-text-align-center\" data-align=\"center\">Romuald B\u0119dzi\u0144ski Katarzyna Arkusz<\/td><\/tr><tr><td class=\"has-text-align-center\" data-align=\"center\">5-7\/9\/2016<br><\/td><td class=\"has-text-align-center\" data-align=\"center\">Bia\u0142a Podlaska<\/td><td class=\"has-text-align-center\" data-align=\"center\">University Of Physical Education, Bia\u0142a Podlaska College Of Physical Education<\/td><td class=\"has-text-align-center\" data-align=\"center\">International Conference Of The Polish Society Of Biomechanics \u201eBiomechanics 2016\u201d<\/td><td class=\"has-text-align-center\" data-align=\"center\">Adam Czaplicki<\/td><\/tr><tr><td class=\"has-text-align-center\" data-align=\"center\">1-3\/9\/2014<\/td><td class=\"has-text-align-center\" data-align=\"center\">\u0141\u00f3d\u017a<\/td><td class=\"has-text-align-center\" data-align=\"center\">Lodz University Of Technology<\/td><td class=\"has-text-align-center\" data-align=\"center\">International Conference Of The Polish Society Of Biomechanics \u201eBiomechanics 2014\u201d<\/td><td class=\"has-text-align-center\" data-align=\"center\">Jan Awrejcewicz<\/td><\/tr><tr><td class=\"has-text-align-center\" data-align=\"center\">16-19\/9\/2012<\/td><td class=\"has-text-align-center\" data-align=\"center\">Bia\u0142ystok<\/td><td class=\"has-text-align-center\" data-align=\"center\">Bialystok University Of Technology<\/td><td class=\"has-text-align-center\" data-align=\"center\">International Conference \u201eBiomechanics 2012\u201d<\/td><td class=\"has-text-align-center\" data-align=\"center\">Szczepan Piszczatowski<\/td><\/tr><tr><td class=\"has-text-align-center\" data-align=\"center\">25-28\/8\/2010<\/td><td class=\"has-text-align-center\" data-align=\"center\">Warszawa<\/td><td class=\"has-text-align-center\" data-align=\"center\">Warsaw University Of Technology<\/td><td class=\"has-text-align-center\" data-align=\"center\">International Conference \u201eBiomechanics 2010\u201d<\/td><td class=\"has-text-align-center\" data-align=\"center\">Konstanty Skalski<\/td><\/tr><tr><td class=\"has-text-align-center\" data-align=\"center\">31\/8-3\/9\/2008<\/td><td class=\"has-text-align-center\" data-align=\"center\">Wroc\u0142aw<\/td><td class=\"has-text-align-center\" data-align=\"center\">University School Of Physical Education In Wroc\u0142aw<\/td><td class=\"has-text-align-center\" data-align=\"center\">International Congress \u201eBiomechanics 2008\u201d<\/td><td class=\"has-text-align-center\" data-align=\"center\">Alicja Rutkowska-Kucharska <\/td><\/tr><tr><td class=\"has-text-align-center\" data-align=\"center\">6-8\/9\/2006<\/td><td class=\"has-text-align-center\" data-align=\"center\">Zakopane<\/td><td class=\"has-text-align-center\" data-align=\"center\">Silesian University Of Technology<\/td><td class=\"has-text-align-center\" data-align=\"center\">International Conference \u201eBiomechanics \u201906\u201d<\/td><td class=\"has-text-align-center\" data-align=\"center\">Dagmara Tejszerska<\/td><\/tr><tr><td class=\"has-text-align-center\" data-align=\"center\">9-11\/9\/2004<\/td><td class=\"has-text-align-center\" data-align=\"center\">Gda\u0144sk<\/td><td class=\"has-text-align-center\" data-align=\"center\">Academy Of Physical Education In Gda\u0144sk<\/td><td class=\"has-text-align-center\" data-align=\"center\">International Conference \u201eBiomechanics 2004\u201d<\/td><td class=\"has-text-align-center\" data-align=\"center\">W\u0142odzimierz S. Erdmann<\/td><\/tr><tr><td class=\"has-text-align-center\" data-align=\"center\">24-26\/9\/2003<\/td><td class=\"has-text-align-center\" data-align=\"center\">Pozna\u0144<\/td><td class=\"has-text-align-center\" data-align=\"center\">University School Of Physical Education In Pozna\u0144<\/td><td class=\"has-text-align-center\" data-align=\"center\">International Conference \u201eBiomechanics 2003\u201d<\/td><td class=\"has-text-align-center\" data-align=\"center\">Lechos\u0142aw B. Dworak<\/td><\/tr><tr><td class=\"has-text-align-center\" data-align=\"center\">3-6\/9\/2001<\/td><td class=\"has-text-align-center\" data-align=\"center\">Zakopane<\/td><td class=\"has-text-align-center\" data-align=\"center\">Silesian University Of Technology In Gliwice<\/td><td class=\"has-text-align-center\" data-align=\"center\">Scientific Conference \u201eBiomechanics 2001\u201d<\/td><td class=\"has-text-align-center\" data-align=\"center\">J\u00f3zef Wojnarowski&nbsp;<\/td><\/tr><tr><td class=\"has-text-align-center\" data-align=\"center\">10-13\/9\/2000<\/td><td class=\"has-text-align-center\" data-align=\"center\">Miko\u0142ajki<\/td><td class=\"has-text-align-center\" data-align=\"center\">Central Institute Of Labour Protection In Warsaw<\/td><td class=\"has-text-align-center\" data-align=\"center\">16th School Of Biomechanics<\/td><td class=\"has-text-align-center\" data-align=\"center\">Danuta Koradecka<\/td><\/tr><tr><td class=\"has-text-align-center\" data-align=\"center\">8-11\/9\/1999<\/td><td class=\"has-text-align-center\" data-align=\"center\">Polanica Zdr\u00f3j<\/td><td class=\"has-text-align-center\" data-align=\"center\">Wroc\u0142aw University Of Technology<\/td><td class=\"has-text-align-center\" data-align=\"center\">Polish Conference Of Biomechanics<\/td><td class=\"has-text-align-center\" data-align=\"center\">Romuald B\u0119dzi\u0144ski<\/td><\/tr><tr><td class=\"has-text-align-center\" data-align=\"center\">14-16\/9\/1998<\/td><td class=\"has-text-align-center\" data-align=\"center\">Kokotek K\/Lubli\u0144ca<br><\/td><td class=\"has-text-align-center\" data-align=\"center\">Czestochowa University Of Technology<\/td><td class=\"has-text-align-center\" data-align=\"center\">15th School Of Biomechanics<\/td><td class=\"has-text-align-center\" data-align=\"center\">Monika Gierzy\u0144ska-Dolna<\/td><\/tr><tr><td class=\"has-text-align-center\" data-align=\"center\">10-12\/9\/1997<\/td><td class=\"has-text-align-center\" data-align=\"center\">Spa\u0142a<\/td><td class=\"has-text-align-center\" data-align=\"center\">University Of Physical Education In Warsaw<\/td><td class=\"has-text-align-center\" data-align=\"center\">14th School Of Biomechanics<\/td><td class=\"has-text-align-center\" data-align=\"center\">Kazimierz Fidelus<\/td><\/tr><tr><td class=\"has-text-align-center\" data-align=\"center\">4-6\/9\/1996<\/td><td class=\"has-text-align-center\" data-align=\"center\">Pozna\u0144<\/td><td class=\"has-text-align-center\" data-align=\"center\">University School Of Physical Education In Pozna<\/td><td class=\"has-text-align-center\" data-align=\"center\">13th School Of Biomechanics<\/td><td class=\"has-text-align-center\" data-align=\"center\">Lechos\u0142aw B. Dworak<\/td><\/tr><tr><td class=\"has-text-align-center\" data-align=\"center\">20-22\/9\/1995<\/td><td class=\"has-text-align-center\" data-align=\"center\">Krak\u00f3w<\/td><td class=\"has-text-align-center\" data-align=\"center\">University School Of Physical Education In Krak\u00f3w<\/td><td class=\"has-text-align-center\" data-align=\"center\">Polish Conference Of Biomechanics<\/td><td class=\"has-text-align-center\" data-align=\"center\">Stanis\u0142aw Mazurkiewicz <\/td><\/tr><tr><td class=\"has-text-align-center\" data-align=\"center\">20-23\/10\/1994<\/td><td class=\"has-text-align-center\" data-align=\"center\">Szklarska Por\u0119ba<\/td><td class=\"has-text-align-center\" data-align=\"center\">Wroc\u0142aw University Of Technology<\/td><td class=\"has-text-align-center\" data-align=\"center\">12th School Of Biomechanics<\/td><td class=\"has-text-align-center\" data-align=\"center\">Romuald B\u0119dzi\u0144ski<\/td><\/tr><tr><td class=\"has-text-align-center\" data-align=\"center\">13-16\/9\/1993<\/td><td class=\"has-text-align-center\" data-align=\"center\">Warszawa<\/td><td class=\"has-text-align-center\" data-align=\"center\">Institute Of Sport In Warsaw<\/td><td class=\"has-text-align-center\" data-align=\"center\">11th School Of Biomechanics<\/td><td class=\"has-text-align-center\" data-align=\"center\">Andrzej Wit<\/td><\/tr><tr><td class=\"has-text-align-center\" data-align=\"center\">10-12\/9\/1992<\/td><td class=\"has-text-align-center\" data-align=\"center\">Wroc\u0142aw<\/td><td class=\"has-text-align-center\" data-align=\"center\">University School Of Physical Education In Wroc\u0142aw<\/td><td class=\"has-text-align-center\" data-align=\"center\">10th School Of Biomechanics<\/td><td class=\"has-text-align-center\" data-align=\"center\">Tadeusz Bober<br>Stefan Kornecki <\/td><\/tr><tr><td class=\"has-text-align-center\" data-align=\"center\">24-26\/4\/1991<\/td><td class=\"has-text-align-center\" data-align=\"center\">Zakopane<\/td><td class=\"has-text-align-center\" data-align=\"center\">Silesian University Of Technology In Gliwice<\/td><td class=\"has-text-align-center\" data-align=\"center\">Polish Conference \u201eBiomechanics 1991\u201d<br><\/td><td class=\"has-text-align-center\" data-align=\"center\">J\u00f3zef Wojnarowski&nbsp;<\/td><\/tr><tr><td class=\"has-text-align-center\" data-align=\"center\">10-12\/9\/1990<\/td><td class=\"has-text-align-center\" data-align=\"center\">Wroc\u0142aw<\/td><td class=\"has-text-align-center\" data-align=\"center\">University School Of Physical Education In Wroc\u0142aw<br><\/td><td class=\"has-text-align-center\" data-align=\"center\">9th School Of Biomechanics<br><\/td><td class=\"has-text-align-center\" data-align=\"center\">Tadeusz Bober<br>Stefan Kornecki <\/td><\/tr><tr><td class=\"has-text-align-center\" data-align=\"center\">11-13\/9\/1989<\/td><td class=\"has-text-align-center\" data-align=\"center\">Warszawa<\/td><td class=\"has-text-align-center\" data-align=\"center\">University Of Physical Education In Warsaw<br><\/td><td class=\"has-text-align-center\" data-align=\"center\">8th School Of Biomechanics<br><\/td><td class=\"has-text-align-center\" data-align=\"center\">Kazimierz Fidelus<\/td><\/tr><tr><td class=\"has-text-align-center\" data-align=\"center\">6-8\/6\/1988<\/td><td class=\"has-text-align-center\" data-align=\"center\">Dymaczewo<\/td><td class=\"has-text-align-center\" data-align=\"center\">University School Of Physical Education In Pozna\u0144<\/td><td class=\"has-text-align-center\" data-align=\"center\">7th School Of Biomechanics<\/td><td class=\"has-text-align-center\" data-align=\"center\">Lechos\u0142aw B. Dworak<\/td><\/tr><tr><td class=\"has-text-align-center\" data-align=\"center\">22-24\/6\/1987<\/td><td class=\"has-text-align-center\" data-align=\"center\">Gda\u0144sk<\/td><td class=\"has-text-align-center\" data-align=\"center\">Academy Of Physical Education In Gda\u0144sk<\/td><td class=\"has-text-align-center\" data-align=\"center\">Polish Conference Of Biomechanics<\/td><td class=\"has-text-align-center\" data-align=\"center\">W\u0142odzimierz S. Erdmann<\/td><\/tr><tr><td class=\"has-text-align-center\" data-align=\"center\">18-20\/5\/1986<\/td><td class=\"has-text-align-center\" data-align=\"center\">Olejnica<\/td><td class=\"has-text-align-center\" data-align=\"center\">University School Of Physical Education In Wroc\u0142aw<\/td><td class=\"has-text-align-center\" data-align=\"center\">6th School Of Biomechanics<\/td><td class=\"has-text-align-center\" data-align=\"center\">Tadeusz Bober<\/td><\/tr><tr><td class=\"has-text-align-center\" data-align=\"center\">13-16\/5\/1985<\/td><td class=\"has-text-align-center\" data-align=\"center\">Przesieka<\/td><td class=\"has-text-align-center\" data-align=\"center\">University School Of Physical Education In Wroc\u0142aw<\/td><td class=\"has-text-align-center\" data-align=\"center\">5th School Of Biomechanics And Sports Technique Teaching<\/td><td class=\"has-text-align-center\" data-align=\"center\">Tadeusz Bober<br>Bogdan Czba\u0144ski<\/td><\/tr><tr><td class=\"has-text-align-center\" data-align=\"center\">7-10\/5\/1984<\/td><td class=\"has-text-align-center\" data-align=\"center\">Karpacz<\/td><td class=\"has-text-align-center\" data-align=\"center\">University School Of Physical Education In Wroc\u0142aw<\/td><td class=\"has-text-align-center\" data-align=\"center\">4th School Of Biomechanics And Sports Technique Teaching<\/td><td class=\"has-text-align-center\" data-align=\"center\">Tadeusz Bober<br>Bogdan Czba\u0144ski<\/td><\/tr><tr><td class=\"has-text-align-center\" data-align=\"center\">11-14\/4\/1983<\/td><td class=\"has-text-align-center\" data-align=\"center\">Karpacz<\/td><td class=\"has-text-align-center\" data-align=\"center\">University School Of Physical Education In Wroc\u0142aw<\/td><td class=\"has-text-align-center\" data-align=\"center\">3rd School Of Biomechanics And Sports Technique Teaching<\/td><td class=\"has-text-align-center\" data-align=\"center\">Tadeusz Bober<br>Bogdan Czba\u0144ski<\/td><\/tr><tr><td class=\"has-text-align-center\" data-align=\"center\">20-23\/9\/1982<\/td><td class=\"has-text-align-center\" data-align=\"center\">Olejnica<\/td><td class=\"has-text-align-center\" data-align=\"center\">University School Of Physical Education In Wroc\u0142aw<\/td><td class=\"has-text-align-center\" data-align=\"center\">2nd School Of Biomechanics And Sports Technique Teaching<\/td><td class=\"has-text-align-center\" data-align=\"center\">Tadeusz Bober<br>Bogdan Czba\u0144ski<\/td><\/tr><tr><td class=\"has-text-align-center\" data-align=\"center\">23-26\/3\/1981<\/td><td class=\"has-text-align-center\" data-align=\"center\">Karpacz<\/td><td class=\"has-text-align-center\" data-align=\"center\">University School Of Physical Education In Wroc\u0142aw<\/td><td class=\"has-text-align-center\" data-align=\"center\">1st Winter School Of Biomechanics And Sports Technique Teaching<\/td><td class=\"has-text-align-center\" data-align=\"center\">Tadeusz Bober<br>Bogdan Czba\u0144ski<\/td><\/tr><tr><td class=\"has-text-align-center\" data-align=\"center\">28-29\/11\/1974<\/td><td class=\"has-text-align-center\" data-align=\"center\">Pozna\u0144<\/td><td class=\"has-text-align-center\" data-align=\"center\">University School Of Physical Education In Pozna\u0144<\/td><td class=\"has-text-align-center\" data-align=\"center\">4th Symposium Of Biomechanics<\/td><td class=\"has-text-align-center\" data-align=\"center\">Aleksander Kabsch<\/td><\/tr><tr><td class=\"has-text-align-center\" data-align=\"center\">1961<\/td><td class=\"has-text-align-center\" data-align=\"center\">Pozna\u0144<\/td><td class=\"has-text-align-center\" data-align=\"center\">University School Of Physical Education In Pozna\u0144<\/td><td class=\"has-text-align-center\" data-align=\"center\">3rd Symposium Of Biomechanics<\/td><td class=\"has-text-align-center\" data-align=\"center\">Aleksander Kabsch<\/td><\/tr><tr><td class=\"has-text-align-center\" data-align=\"center\">1960<\/td><td class=\"has-text-align-center\" data-align=\"center\">Warszawa<\/td><td class=\"has-text-align-center\" data-align=\"center\">University School Of Physical Education In Pozna\u0144<\/td><td class=\"has-text-align-center\" data-align=\"center\">2nd Symposium Of Biomechanics<\/td><td class=\"has-text-align-center\" data-align=\"center\">Kazimierz Fidelus<\/td><\/tr><tr><td class=\"has-text-align-center\" data-align=\"center\">1959<\/td><td class=\"has-text-align-center\" data-align=\"center\">Pozna\u0144<\/td><td class=\"has-text-align-center\" data-align=\"center\">University School Of Physical Education In Pozna\u0144<\/td><td class=\"has-text-align-center\" data-align=\"center\">1st Symposium Of Biomechanics<\/td><td class=\"has-text-align-center\" data-align=\"center\">Aleksander Kabsch<\/td><\/tr><\/tbody><\/table><\/figure>\n","protected":false},"excerpt":{"rendered":"<p>The International Conference BIOMECHANICS is the largest forum organized in Poland dedicated to the area of biomechanics. The conference has been held regularly since 1981. Initially, the meetings of the Polish Society of Biomechanics were organized every year and since 2004 they have been held every two years. The last meeting originally was planned in 2020 at Medical University of Warsaw. However,\u00a0due to the pandemic, the conference has been postponed by a year and took place on 9-10 September 2021.<\/p>\n","protected":false},"author":3,"featured_media":0,"parent":0,"menu_order":0,"comment_status":"closed","ping_status":"closed","template":"","meta":{"om_disable_all_campaigns":false,"_mi_skip_tracking":false,"_monsterinsights_sitenote_active":false,"_monsterinsights_sitenote_note":"","_monsterinsights_sitenote_category":0,"footnotes":""},"class_list":["post-40","page","type-page","status-publish","hentry","entry"],"aioseo_notices":[],"_links":{"self":[{"href":"https:\/\/biomechanics2023.pwr.edu.pl\/index.php?rest_route=\/wp\/v2\/pages\/40","targetHints":{"allow":["GET"]}}],"collection":[{"href":"https:\/\/biomechanics2023.pwr.edu.pl\/index.php?rest_route=\/wp\/v2\/pages"}],"about":[{"href":"https:\/\/biomechanics2023.pwr.edu.pl\/index.php?rest_route=\/wp\/v2\/types\/page"}],"author":[{"embeddable":true,"href":"https:\/\/biomechanics2023.pwr.edu.pl\/index.php?rest_route=\/wp\/v2\/users\/3"}],"replies":[{"embeddable":true,"href":"https:\/\/biomechanics2023.pwr.edu.pl\/index.php?rest_route=%2Fwp%2Fv2%2Fcomments&post=40"}],"version-history":[{"count":41,"href":"https:\/\/biomechanics2023.pwr.edu.pl\/index.php?rest_route=\/wp\/v2\/pages\/40\/revisions"}],"predecessor-version":[{"id":1281,"href":"https:\/\/biomechanics2023.pwr.edu.pl\/index.php?rest_route=\/wp\/v2\/pages\/40\/revisions\/1281"}],"wp:attachment":[{"href":"https:\/\/biomechanics2023.pwr.edu.pl\/index.php?rest_route=%2Fwp%2Fv2%2Fmedia&parent=40"}],"curies":[{"name":"wp","href":"https:\/\/api.w.org\/{rel}","templated":true}]}}