{"id":1347,"date":"2023-01-24T17:12:37","date_gmt":"2023-01-24T16:12:37","guid":{"rendered":"https:\/\/biomechanics2023.pwr.edu.pl\/?page_id=1347"},"modified":"2023-01-25T00:13:06","modified_gmt":"2023-01-24T23:13:06","slug":"moreckifidelus-award","status":"publish","type":"page","link":"https:\/\/biomechanics2023.pwr.edu.pl\/?page_id=1347","title":{"rendered":"Morecki&amp;Fidelus Award"},"content":{"rendered":"\n<p>Zapraszamy do udzia\u0142u w<strong>&nbsp;<mark style=\"background-color:rgba(0, 0, 0, 0);color:#b42e24\" class=\"has-inline-color\">edycji 2023 Konkursu o nagrody imienia prof. A. Moreckiego i prof. K. Fidelusa<\/mark><\/strong>, kt\u00f3ry odb\u0119dzie si\u0119 podczas International Conference of the Polish Society of Biomechanics \u201eBIOMECHANICS 2023\u201d, w dniach 13-16.09.2023 na Politechnice Wroc\u0142awskiej we Wroc\u0142awiu.<\/p>\n\n\n\n<p>Konkurs Morecki&amp;Fidelus skierowany jest do m\u0142odych naukowc\u00f3w w wieku do 35 lat b\u0119d\u0105cych cz\u0142onkami Polskiego Towarzystwa Biomechaniki.&nbsp;<\/p>\n\n\n\n<p><strong>Uczestnicy Konkursu zobowi\u0105zani s\u0105:&nbsp;<\/strong><\/p>\n\n\n\n<ul class=\"wp-block-list\">\n<li>zapozna\u0107 si\u0119 z zasadami Konkursu \u2013 edycja 2023,&nbsp;<\/li>\n\n\n\n<li>zarejestrowa\u0107 si\u0119 jako uczestnik konferencji,<\/li>\n\n\n\n<li>wype\u0142ni\u0107 i przes\u0142a\u0107 formularz i o\u015bwiadczenie do konkursu,<\/li>\n\n\n\n<li>przes\u0142a\u0107 prac\u0119 zg\u0142aszan\u0105 do Konkursu (oryginalne opracowanie naukowe maksymalnie do 10 stron maszynopisu),<\/li>\n\n\n\n<li>przygotowa\u0107 20 minutow\u0105 prezentacj\u0119, kt\u00f3ra zostanie przedstawiona podczas Konferencji (maksymalnie 15 min prezentacji i 5 min dyskusji).&nbsp;<\/li>\n<\/ul>\n\n\n\n<p>Ostateczny termin sk\u0142adania wymaganych dokument\u00f3w up\u0142ywa <mark style=\"background-color:rgba(0, 0, 0, 0);color:#b42e24\" class=\"has-inline-color\"><strong>1 czerwca 2023 r<\/strong>.<\/mark>&nbsp;<\/p>\n\n\n\n<p>Formularz zg\u0142oszeniowy oraz regulamin konkursu do pobrania tutaj:&nbsp;<\/p>\n\n\n\n<p><mark style=\"background-color:rgba(0, 0, 0, 0);color:#b42e24\" class=\"has-inline-color\"><strong>FORMULARZ ZG\u0141OSZENIA: (<a href=\"https:\/\/biomechanics2023.pwr.edu.pl\/wp-content\/uploads\/2023\/01\/Zgloszenie_Konkurs_MF_2023.doc\" title=\"za\u0142\u0105cznik1\">za\u0142\u0105cznik1<\/a>)<\/strong><\/mark><\/p>\n\n\n\n<p><mark style=\"background-color:rgba(0, 0, 0, 0);color:#b42e24\" class=\"has-inline-color\"><strong>REGULAMIN KONKURSU: (<a href=\"https:\/\/biomechanics2023.pwr.edu.pl\/wp-content\/uploads\/2023\/01\/Zasady-2023-Konkurs-MF.pdf\" title=\"za\u0142\u0105cznik \">za\u0142\u0105cznik <\/a>2)<\/strong><\/mark><\/p>\n\n\n\n<p>Dokumenty oraz prac\u0119 nale\u017cy przes\u0142a\u0107 na adres: <a href=\"mailto:bio2023@pwr.edu.pl\">bio2023@pwr.edu.pl<\/a><\/p>\n\n\n\n<p>z dopiskiem (\u201eKonkurs BIOMECHANICS 2023\u201d).<\/p>\n","protected":false},"excerpt":{"rendered":"<p>Zapraszamy do udzia\u0142u w&nbsp;edycji 2023 Konkursu o nagrody imienia prof. A. Moreckiego i prof. K. Fidelusa, kt\u00f3ry odb\u0119dzie si\u0119 podczas International Conference of the Polish Society of Biomechanics \u201eBIOMECHANICS 2023\u201d, w dniach 13-16.09.2023 na Politechnice Wroc\u0142awskiej we Wroc\u0142awiu. Konkurs Morecki&amp;Fidelus skierowany jest do m\u0142odych naukowc\u00f3w w wieku do 35 lat b\u0119d\u0105cych cz\u0142onkami Polskiego Towarzystwa Biomechaniki.&nbsp;&hellip; <a class=\"more-link\" href=\"https:\/\/biomechanics2023.pwr.edu.pl\/?page_id=1347\">Czytaj dalej <span class=\"screen-reader-text\">Morecki&amp;Fidelus Award<\/span><\/a><\/p>\n","protected":false},"author":3,"featured_media":0,"parent":0,"menu_order":0,"comment_status":"closed","ping_status":"closed","template":"","meta":{"om_disable_all_campaigns":false,"_mi_skip_tracking":false,"_monsterinsights_sitenote_active":false,"_monsterinsights_sitenote_note":"","_monsterinsights_sitenote_category":0,"footnotes":""},"class_list":["post-1347","page","type-page","status-publish","hentry","entry"],"aioseo_notices":[],"_links":{"self":[{"href":"https:\/\/biomechanics2023.pwr.edu.pl\/index.php?rest_route=\/wp\/v2\/pages\/1347","targetHints":{"allow":["GET"]}}],"collection":[{"href":"https:\/\/biomechanics2023.pwr.edu.pl\/index.php?rest_route=\/wp\/v2\/pages"}],"about":[{"href":"https:\/\/biomechanics2023.pwr.edu.pl\/index.php?rest_route=\/wp\/v2\/types\/page"}],"author":[{"embeddable":true,"href":"https:\/\/biomechanics2023.pwr.edu.pl\/index.php?rest_route=\/wp\/v2\/users\/3"}],"replies":[{"embeddable":true,"href":"https:\/\/biomechanics2023.pwr.edu.pl\/index.php?rest_route=%2Fwp%2Fv2%2Fcomments&post=1347"}],"version-history":[{"count":4,"href":"https:\/\/biomechanics2023.pwr.edu.pl\/index.php?rest_route=\/wp\/v2\/pages\/1347\/revisions"}],"predecessor-version":[{"id":1367,"href":"https:\/\/biomechanics2023.pwr.edu.pl\/index.php?rest_route=\/wp\/v2\/pages\/1347\/revisions\/1367"}],"wp:attachment":[{"href":"https:\/\/biomechanics2023.pwr.edu.pl\/index.php?rest_route=%2Fwp%2Fv2%2Fmedia&parent=1347"}],"curies":[{"name":"wp","href":"https:\/\/api.w.org\/{rel}","templated":true}]}}