{"id":1084,"date":"2022-10-17T07:05:13","date_gmt":"2022-10-17T05:05:13","guid":{"rendered":"https:\/\/biomechanics2023.pwr.edu.pl\/?page_id=1084"},"modified":"2023-09-05T21:10:35","modified_gmt":"2023-09-05T19:10:35","slug":"general-info","status":"publish","type":"page","link":"https:\/\/biomechanics2023.pwr.edu.pl\/?page_id=1084","title":{"rendered":"Venue and Social Events"},"content":{"rendered":"\n<p><strong><mark style=\"background-color:rgba(0, 0, 0, 0);color:#b42e24\" class=\"has-inline-color\">Wroc\u0142aw University of Science and Technology<\/mark><\/strong> was established in 1945, mainly as a result of the involvement of the academic staff of the now-defunct Technical University of Lviv and the Jan Kazimierz University in Lviv, who adapted the destroyed buildings of the German School of Technology \u2013 Technische Hochschule.<\/p>\n\n\n\n<p>Today we continue the tradition of these prominent Polish universities and develop in close cooperation with the leading companies of Lower Silesia. We are one of the largest and best technical universities in the country, one regularly ranked among the best in the national rankings. The first rector of the then merged University of Technology and University of Wroc\u0142aw was Professor Stanis\u0142aw Kulczy\u0144ski (1945-1951). Since then, the university has already seen as many as fourteen successors of the eminent academic. Currently, the tertiary institution is governed by Professor Arkadiusz W\u00f3js, whose term of office will last until the end of August 2024.<\/p>\n\n\n\n<div class=\"wp-block-columns is-layout-flex wp-container-core-columns-is-layout-28f84493 wp-block-columns-is-layout-flex\">\n<div class=\"wp-block-column is-layout-flow wp-block-column-is-layout-flow\">\n<figure class=\"wp-block-image size-full\"><img loading=\"lazy\" decoding=\"async\" width=\"800\" height=\"450\" src=\"https:\/\/biomechanics2023.pwr.edu.pl\/wp-content\/uploads\/2022\/10\/0widok_z_gory.jpg\" alt=\"\" class=\"wp-image-966\" srcset=\"https:\/\/biomechanics2023.pwr.edu.pl\/wp-content\/uploads\/2022\/10\/0widok_z_gory.jpg 800w, https:\/\/biomechanics2023.pwr.edu.pl\/wp-content\/uploads\/2022\/10\/0widok_z_gory-300x169.jpg 300w, https:\/\/biomechanics2023.pwr.edu.pl\/wp-content\/uploads\/2022\/10\/0widok_z_gory-768x432.jpg 768w\" sizes=\"auto, (max-width: 800px) 100vw, 800px\" \/><\/figure>\n<\/div>\n\n\n\n<div class=\"wp-block-column is-layout-flow wp-block-column-is-layout-flow\">\n<figure class=\"wp-block-image size-full\"><img loading=\"lazy\" decoding=\"async\" width=\"800\" height=\"451\" src=\"https:\/\/biomechanics2023.pwr.edu.pl\/wp-content\/uploads\/2022\/10\/0bud_b_4_2-edited.jpg\" alt=\"\" class=\"wp-image-1089\" srcset=\"https:\/\/biomechanics2023.pwr.edu.pl\/wp-content\/uploads\/2022\/10\/0bud_b_4_2-edited.jpg 800w, https:\/\/biomechanics2023.pwr.edu.pl\/wp-content\/uploads\/2022\/10\/0bud_b_4_2-edited-300x169.jpg 300w, https:\/\/biomechanics2023.pwr.edu.pl\/wp-content\/uploads\/2022\/10\/0bud_b_4_2-edited-768x433.jpg 768w\" sizes=\"auto, (max-width: 800px) 100vw, 800px\" \/><\/figure>\n<\/div>\n<\/div>\n\n\n\n<div class=\"wp-block-columns is-layout-flex wp-container-core-columns-is-layout-28f84493 wp-block-columns-is-layout-flex\">\n<div class=\"wp-block-column is-layout-flow wp-block-column-is-layout-flow\">\n<figure class=\"wp-block-image size-full\"><img loading=\"lazy\" decoding=\"async\" width=\"800\" height=\"450\" src=\"https:\/\/biomechanics2023.pwr.edu.pl\/wp-content\/uploads\/2022\/10\/0widok_z_gory_6.jpg\" alt=\"\" class=\"wp-image-1092\" srcset=\"https:\/\/biomechanics2023.pwr.edu.pl\/wp-content\/uploads\/2022\/10\/0widok_z_gory_6.jpg 800w, https:\/\/biomechanics2023.pwr.edu.pl\/wp-content\/uploads\/2022\/10\/0widok_z_gory_6-300x169.jpg 300w, https:\/\/biomechanics2023.pwr.edu.pl\/wp-content\/uploads\/2022\/10\/0widok_z_gory_6-768x432.jpg 768w\" sizes=\"auto, (max-width: 800px) 100vw, 800px\" \/><\/figure>\n<\/div>\n\n\n\n<div class=\"wp-block-column is-layout-flow wp-block-column-is-layout-flow\">\n<figure class=\"wp-block-image size-full\"><img loading=\"lazy\" decoding=\"async\" width=\"800\" height=\"449\" src=\"https:\/\/biomechanics2023.pwr.edu.pl\/wp-content\/uploads\/2022\/10\/0polinka_5-edited.jpg\" alt=\"\" class=\"wp-image-1090\" srcset=\"https:\/\/biomechanics2023.pwr.edu.pl\/wp-content\/uploads\/2022\/10\/0polinka_5-edited.jpg 800w, https:\/\/biomechanics2023.pwr.edu.pl\/wp-content\/uploads\/2022\/10\/0polinka_5-edited-300x168.jpg 300w, https:\/\/biomechanics2023.pwr.edu.pl\/wp-content\/uploads\/2022\/10\/0polinka_5-edited-768x431.jpg 768w\" sizes=\"auto, (max-width: 800px) 100vw, 800px\" \/><\/figure>\n<\/div>\n<\/div>\n\n\n\n<p>Through research, teaching and interaction we inspire and support the development of individuals who, based on knowledge and ethical standards, being sensitive to social needs and global challenges, shape the future with courage and responsibility.<\/p>\n\n\n\n<p>As a European technical university affirming freedom, truth, curiosity and the joy of learning, we conduct interdisciplinary research and educate to meet the expectations of society and the economy.<\/p>\n\n\n\n<p>The values on which we are founded are:<\/p>\n\n\n\n<ul class=\"wp-block-list\">\n<li><strong><em>Excellence<\/em><\/strong> \u2013 working for progress and sustainability, we foster personal development based on the highest standards in education, research and innovation.<\/li>\n\n\n\n<li><strong><em>Interaction<\/em><\/strong> \u2013 nurturing academic, economic and social partnerships, we combine talents and commitment to effectively achieve individual and social goals.<\/li>\n\n\n\n<li><strong><em>Openness <\/em><\/strong>\u2013 being open to new ideas and challenges, drawing on the diverse experiences and aspirations of members of the academic community, we respond flexibly to changes, treating them as inspiration and motivation to actively participate in the development of science, economy and society.<\/li>\n<\/ul>\n\n\n\n<h3 class=\"wp-block-heading\">Social events<\/h3>\n\n\n\n<p><strong>During the Conference Biomechanics 2023, we are pleased to invite you to 3 unique places, because the Conference is People but also <\/strong><span style=\"text-decoration: underline;\"><strong>Places<\/strong>:<\/span><\/p>\n\n\n\n<p><strong>13.09.2023, 15:30 &#8211; 18:00 &#8211; Water Knowledge Centre Hydropolis,<\/strong> <em><a href=\"https:\/\/hydropolis.pl\/en\/\" target=\"_blank\" rel=\"noopener nofollow\" title=\"Hydropolis\">https:\/\/hydropolis.pl\/en\/<\/a><\/em><\/p>\n\n\n\n<div class=\"wp-block-columns is-layout-flex wp-container-core-columns-is-layout-28f84493 wp-block-columns-is-layout-flex\">\n<div class=\"wp-block-column is-layout-flow wp-block-column-is-layout-flow\">\n<figure class=\"wp-block-image size-full\"><img loading=\"lazy\" decoding=\"async\" width=\"900\" height=\"500\" src=\"https:\/\/biomechanics2023.pwr.edu.pl\/wp-content\/uploads\/2023\/08\/hydropolis_z_dzieckiem_wroclaw_atrakcje-1.jpg\" alt=\"\" class=\"wp-image-1528\" srcset=\"https:\/\/biomechanics2023.pwr.edu.pl\/wp-content\/uploads\/2023\/08\/hydropolis_z_dzieckiem_wroclaw_atrakcje-1.jpg 900w, https:\/\/biomechanics2023.pwr.edu.pl\/wp-content\/uploads\/2023\/08\/hydropolis_z_dzieckiem_wroclaw_atrakcje-1-300x167.jpg 300w, https:\/\/biomechanics2023.pwr.edu.pl\/wp-content\/uploads\/2023\/08\/hydropolis_z_dzieckiem_wroclaw_atrakcje-1-768x427.jpg 768w\" sizes=\"auto, (max-width: 900px) 100vw, 900px\" \/><\/figure>\n<\/div>\n\n\n\n<div class=\"wp-block-column is-layout-flow wp-block-column-is-layout-flow\">\n<figure class=\"wp-block-image size-large\"><img loading=\"lazy\" decoding=\"async\" width=\"1024\" height=\"576\" src=\"https:\/\/biomechanics2023.pwr.edu.pl\/wp-content\/uploads\/2023\/08\/hydropolis-wroclaw-rekin-duzy-1024x576.jpg\" alt=\"\" class=\"wp-image-1529\" srcset=\"https:\/\/biomechanics2023.pwr.edu.pl\/wp-content\/uploads\/2023\/08\/hydropolis-wroclaw-rekin-duzy-1024x576.jpg 1024w, https:\/\/biomechanics2023.pwr.edu.pl\/wp-content\/uploads\/2023\/08\/hydropolis-wroclaw-rekin-duzy-300x169.jpg 300w, https:\/\/biomechanics2023.pwr.edu.pl\/wp-content\/uploads\/2023\/08\/hydropolis-wroclaw-rekin-duzy-768x432.jpg 768w, https:\/\/biomechanics2023.pwr.edu.pl\/wp-content\/uploads\/2023\/08\/hydropolis-wroclaw-rekin-duzy-1536x864.jpg 1536w, https:\/\/biomechanics2023.pwr.edu.pl\/wp-content\/uploads\/2023\/08\/hydropolis-wroclaw-rekin-duzy-1568x882.jpg 1568w, https:\/\/biomechanics2023.pwr.edu.pl\/wp-content\/uploads\/2023\/08\/hydropolis-wroclaw-rekin-duzy.jpg 1920w\" sizes=\"auto, (max-width: 1024px) 100vw, 1024px\" \/><\/figure>\n<\/div>\n<\/div>\n\n\n\n<p><strong>14.09.2023, 18:00 &#8211; 22:00<\/strong> &#8211; <strong>Welcome party: Museum of Architecture in Wroc\u0142aw<\/strong>, ul. Bernardy\u0144ska 5, 50-156 Wroc\u0142aw; 51\u00b06&#8217;34&#8243;N 17\u00b02&#8217;32&#8243;E,  <em><a href=\"http:\/\/www.ma.wroc.pl\/en\/\" target=\"_blank\" rel=\"noopener nofollow\" title=\"Museum of Architecture in Wroc\u0142aw\">http:\/\/www.ma.wroc.pl\/en\/<\/a><\/em><\/p>\n\n\n\n<div class=\"wp-block-columns is-layout-flex wp-container-core-columns-is-layout-28f84493 wp-block-columns-is-layout-flex\">\n<div class=\"wp-block-column is-layout-flow wp-block-column-is-layout-flow\">\n<figure class=\"wp-block-image size-large\"><img loading=\"lazy\" decoding=\"async\" width=\"1024\" height=\"768\" src=\"https:\/\/biomechanics2023.pwr.edu.pl\/wp-content\/uploads\/2023\/08\/3-1-1024x768.jpg\" alt=\"\" class=\"wp-image-1524\" srcset=\"https:\/\/biomechanics2023.pwr.edu.pl\/wp-content\/uploads\/2023\/08\/3-1-1024x768.jpg 1024w, https:\/\/biomechanics2023.pwr.edu.pl\/wp-content\/uploads\/2023\/08\/3-1-300x225.jpg 300w, https:\/\/biomechanics2023.pwr.edu.pl\/wp-content\/uploads\/2023\/08\/3-1-768x576.jpg 768w, https:\/\/biomechanics2023.pwr.edu.pl\/wp-content\/uploads\/2023\/08\/3-1-1536x1152.jpg 1536w, https:\/\/biomechanics2023.pwr.edu.pl\/wp-content\/uploads\/2023\/08\/3-1-1568x1176.jpg 1568w, https:\/\/biomechanics2023.pwr.edu.pl\/wp-content\/uploads\/2023\/08\/3-1.jpg 1707w\" sizes=\"auto, (max-width: 1024px) 100vw, 1024px\" \/><\/figure>\n<\/div>\n\n\n\n<div class=\"wp-block-column is-layout-flow wp-block-column-is-layout-flow\">\n<figure class=\"wp-block-image size-full\"><img loading=\"lazy\" decoding=\"async\" width=\"680\" height=\"510\" src=\"https:\/\/biomechanics2023.pwr.edu.pl\/wp-content\/uploads\/2023\/08\/2023-04-20-2.jpg\" alt=\"\" class=\"wp-image-1525\" srcset=\"https:\/\/biomechanics2023.pwr.edu.pl\/wp-content\/uploads\/2023\/08\/2023-04-20-2.jpg 680w, https:\/\/biomechanics2023.pwr.edu.pl\/wp-content\/uploads\/2023\/08\/2023-04-20-2-300x225.jpg 300w\" sizes=\"auto, (max-width: 680px) 100vw, 680px\" \/><\/figure>\n<\/div>\n<\/div>\n\n\n\n<p><strong>15 .09.2023, 20:00 &#8211; 24:00 &#8211; Gala Dinner:<\/strong> <strong>Topacz Castle<\/strong> in Kobierzyce, Templariuszy street 1,  55-040 Kobierzyce; 51\u00b02&#8217;3&#8243;N 16\u00b059&#8217;24&#8243;E, <em><a href=\"https:\/\/www.zamektopacz.pl\/\" target=\"_blank\" rel=\"noopener nofollow\" title=\"Topacz Castle\">https:\/\/www.zamektopacz.pl\/<\/a><\/em><\/p>\n\n\n\n<div class=\"wp-block-columns is-layout-flex wp-container-core-columns-is-layout-28f84493 wp-block-columns-is-layout-flex\">\n<div class=\"wp-block-column is-layout-flow wp-block-column-is-layout-flow\">\n<figure class=\"wp-block-image size-full is-resized\"><img loading=\"lazy\" decoding=\"async\" src=\"https:\/\/biomechanics2023.pwr.edu.pl\/wp-content\/uploads\/2023\/08\/Topacz1.bmp\" alt=\"\" class=\"wp-image-1526\" style=\"width:475px;height:350px\" width=\"475\" height=\"350\" srcset=\"https:\/\/biomechanics2023.pwr.edu.pl\/wp-content\/uploads\/2023\/08\/Topacz1.bmp 813w, https:\/\/biomechanics2023.pwr.edu.pl\/wp-content\/uploads\/2023\/08\/Topacz1-300x222.jpg 300w, https:\/\/biomechanics2023.pwr.edu.pl\/wp-content\/uploads\/2023\/08\/Topacz1-768x568.jpg 768w\" sizes=\"auto, (max-width: 475px) 100vw, 475px\" \/><\/figure>\n<\/div>\n\n\n\n<div class=\"wp-block-column is-layout-flow wp-block-column-is-layout-flow\">\n<figure class=\"wp-block-image size-full is-resized\"><img loading=\"lazy\" decoding=\"async\" src=\"https:\/\/biomechanics2023.pwr.edu.pl\/wp-content\/uploads\/2023\/08\/Topacz2.bmp\" alt=\"\" class=\"wp-image-1527\" style=\"width:504px;height:347px\" width=\"504\" height=\"347\" srcset=\"https:\/\/biomechanics2023.pwr.edu.pl\/wp-content\/uploads\/2023\/08\/Topacz2.bmp 777w, https:\/\/biomechanics2023.pwr.edu.pl\/wp-content\/uploads\/2023\/08\/Topacz2-300x206.jpg 300w, https:\/\/biomechanics2023.pwr.edu.pl\/wp-content\/uploads\/2023\/08\/Topacz2-768x528.jpg 768w\" sizes=\"auto, (max-width: 504px) 100vw, 504px\" \/><\/figure>\n<\/div>\n<\/div>\n\n\n\n<h3 class=\"wp-block-heading\">Map<\/h3>\n\n\n\n<figure class=\"wp-block-image size-full\"><img loading=\"lazy\" decoding=\"async\" width=\"1018\" height=\"720\" src=\"https:\/\/biomechanics2023.pwr.edu.pl\/wp-content\/uploads\/2023\/09\/mapka.png\" alt=\"\" class=\"wp-image-1688\" srcset=\"https:\/\/biomechanics2023.pwr.edu.pl\/wp-content\/uploads\/2023\/09\/mapka.png 1018w, https:\/\/biomechanics2023.pwr.edu.pl\/wp-content\/uploads\/2023\/09\/mapka-300x212.png 300w, https:\/\/biomechanics2023.pwr.edu.pl\/wp-content\/uploads\/2023\/09\/mapka-768x543.png 768w\" sizes=\"auto, (max-width: 1018px) 100vw, 1018px\" \/><\/figure>\n\n\n\n<h3 class=\"wp-block-heading\">Useful links<\/h3>\n\n\n\n<p>Faculty of Mechanical Engineering &#8211; <a href=\"https:\/\/wm.pwr.edu.pl\/en\/\" target=\"_blank\" rel=\"noopener\" title=\"\"><em>https:\/\/wm.pwr.edu.pl\/en\/<\/em><\/a><\/p>\n\n\n\n<p>Wroc\u0142aw University of Science and Technology &#8211; <a href=\"https:\/\/pwr.edu.pl\/en\/\" target=\"_blank\" rel=\"noopener\" title=\"\"><em>https:\/\/pwr.edu.pl\/en\/<\/em><\/a><\/p>\n\n\n\n<p>Campus map &#8211; <em><a href=\"https:\/\/pwr.edu.pl\/en\/university\/campus-map\" target=\"_blank\" rel=\"noopener\" title=\"\">https:\/\/pwr.edu.pl\/en\/university\/campus-map<\/a><\/em><\/p>\n","protected":false},"excerpt":{"rendered":"<p>Wroc\u0142aw University of Science and Technology was established in 1945, mainly as a result of the involvement of the academic staff of the now-defunct Technical University of Lviv and the Jan Kazimierz University in Lviv, who adapted the destroyed buildings of the German School of Technology \u2013 Technische Hochschule. Today we continue the tradition of&hellip; <a class=\"more-link\" href=\"https:\/\/biomechanics2023.pwr.edu.pl\/?page_id=1084\">Czytaj dalej <span class=\"screen-reader-text\">Venue and Social Events<\/span><\/a><\/p>\n","protected":false},"author":3,"featured_media":0,"parent":0,"menu_order":0,"comment_status":"closed","ping_status":"closed","template":"","meta":{"om_disable_all_campaigns":false,"_mi_skip_tracking":false,"_monsterinsights_sitenote_active":false,"_monsterinsights_sitenote_note":"","_monsterinsights_sitenote_category":0,"footnotes":""},"class_list":["post-1084","page","type-page","status-publish","hentry","entry"],"aioseo_notices":[],"_links":{"self":[{"href":"https:\/\/biomechanics2023.pwr.edu.pl\/index.php?rest_route=\/wp\/v2\/pages\/1084","targetHints":{"allow":["GET"]}}],"collection":[{"href":"https:\/\/biomechanics2023.pwr.edu.pl\/index.php?rest_route=\/wp\/v2\/pages"}],"about":[{"href":"https:\/\/biomechanics2023.pwr.edu.pl\/index.php?rest_route=\/wp\/v2\/types\/page"}],"author":[{"embeddable":true,"href":"https:\/\/biomechanics2023.pwr.edu.pl\/index.php?rest_route=\/wp\/v2\/users\/3"}],"replies":[{"embeddable":true,"href":"https:\/\/biomechanics2023.pwr.edu.pl\/index.php?rest_route=%2Fwp%2Fv2%2Fcomments&post=1084"}],"version-history":[{"count":16,"href":"https:\/\/biomechanics2023.pwr.edu.pl\/index.php?rest_route=\/wp\/v2\/pages\/1084\/revisions"}],"predecessor-version":[{"id":1689,"href":"https:\/\/biomechanics2023.pwr.edu.pl\/index.php?rest_route=\/wp\/v2\/pages\/1084\/revisions\/1689"}],"wp:attachment":[{"href":"https:\/\/biomechanics2023.pwr.edu.pl\/index.php?rest_route=%2Fwp%2Fv2%2Fmedia&parent=1084"}],"curies":[{"name":"wp","href":"https:\/\/api.w.org\/{rel}","templated":true}]}}